{"id":58,"date":"2013-11-11T11:35:30","date_gmt":"2013-11-11T11:35:30","guid":{"rendered":"http:\/\/cestaharmonie.sk\/?page_id=58"},"modified":"2015-05-11T12:19:24","modified_gmt":"2015-05-11T12:19:24","slug":"slim-sassy-podpora-metabolizmu","status":"publish","type":"page","link":"https:\/\/cestaharmonie.sk\/?page_id=58","title":{"rendered":"Slim &#038; Sassy  &#8211; podpora Metabolizmu"},"content":{"rendered":"<p><img loading=\"lazy\" id=\"irc_mi\" alt=\"\" src=\"https:\/\/encrypted-tbn3.gstatic.com\/images?q=tbn:ANd9GcTKp92R_2_hGQNAqolZGy2LnxnW0HdCzyCM-zxELoxf8ZRFlSRFzA\" width=\"334\" height=\"182\" \/><\/p>\n<p><em><strong><em><strong>\u0160t\u00edhla a Fit so<\/strong><\/em> zmesou Slim &amp; Sassy\u00a0<\/strong><\/em><\/p>\n<p><a title=\"Slim &amp; Sassy pon\u00faka viac ne\u017e chudnutie a kr\u00e1su\" href=\"http:\/\/www.esencialneoleje.sk\/slim-sassy-ponuka-viac-nez-chudnutie-a-krasu\/\">Olej Slim &amp; Sassy<\/a> &#8211; metabolick\u00e1 zmes je vytvoren\u00e1 tak aby podporila zdrav\u00e9 \u00fasilie o zn\u00ed\u017eenie hmotnostina t\u00fdm, \u017ee pom\u00e1ha kontrolova\u0165 apet\u00edt medzi jedlami. Upokojil \u017ead\u00fadok a pozdvihol n\u00e1ladu. Podporuje zdrav\u00fd metabolizmus a zdrav\u00fa di\u00e9tu. V\u00fdborne chut\u00ed a d\u00e1 vode lahodn\u00fa pr\u00edchu\u0165. Je skvel\u00e1 na podporu hydrat\u00e1cie <a title=\"Klinick\u00e9 pou\u017eit\u00ed esenci\u00e1ln\u00edch olej\u016f na \u00falavu bolesti kloub\u016f a kost\u00ed\" href=\"http:\/\/www.esencialneoleje.sk\/klinicke-pouziti-esencialnich-oleju-na-ulavu-bolesti-kloubu-a-kosti\/\">pri cvi\u010den\u00ed<\/a>. M\u00e1 nula kal\u00f3ri\u00ed, \u017eiadne stimulanty a \u017eiadne neprirodzen\u00e9 chemik\u00e1lie, farbiv\u00e1, ani sladidl\u00e1. V Slim &amp; Sassy s\u00fa esenci\u00e1lne oleje grapefruit, lemon (citr\u00f3n) , peppermint (m\u00e4ta), ginger (z\u00e1zvor), a \u0161korica.<\/p>\n<p><b>Ako to funguje<\/b><\/p>\n<p>Zdrav\u00e9 telo pon\u00faka celo\u017eivotn\u00fa vitalitu a <a title=\"Pr\u00edrodn\u00e1 pomoc na \u00fanavu (nedostatok energie)\" href=\"http:\/\/www.esencialneoleje.sk\/prirodna-pomoc-na-unavu-nedostatok-energie\/\">energiu<\/a> a pom\u00e1ha predch\u00e1dza\u0165 degenerat\u00edvnym ochoreniam. Je d\u00f4le\u017eit\u00e9 mana\u017eova\u0165 hmotnos\u0165 a zdrav\u00e9 telo, \u010do sa d\u00e1 urobi\u0165 sledovan\u00edm pr\u00edjmu jedla, ako jedn\u00e9ho z najv\u00e4\u010d\u0161\u00edch faktorov. Najlep\u0161ie je jes\u0165 menej jedla a tie\u017e nahradi\u0165 priemyselne vyr\u00e1ban\u00e9 a procesovan\u00e9 jedlo zdrav\u00fdmi pr\u00edrodn\u00fdmi jedlami.<\/p>\n<p><strong>Prij\u00edmajte menej<\/strong><\/p>\n<p>Dok\u00e1\u017eete si predstavi\u0165, \u017ee sa pozer\u00e1te na kr\u00e9me\u0161 a nepoci\u0165ujete \u017eiadnu potrebu ho skonzumova\u0165 jednoducho preto, \u017ee nepoci\u0165ujete, \u017ee by v\u00e1s pri\u0165ahoval. To jedlo stale chut\u00ed skvele, ale va\u0161u t\u00fa\u017ebu po \u0148om nie je v\u00f4bec \u0165a\u017ek\u00e9 prekona\u0165. Jedlo m\u00f4\u017ee by\u0165 emocion\u00e1lne rovnako ako fyzick\u00e9. Ke\u010f je \u010dlovek hladn\u00fd, dost\u00e1va siln\u00e9 sign\u00e1ly z mozgu a r\u00f4znych \u010dast\u00ed tela, ktor\u00e9 n\u00e1m d\u00e1vaj\u00fa najavo, \u017ee potrebujeme \u017eiviny. Vo v\u0161eobecnosti ke\u010f odpovieme jeden\u00edm, na\u0161e telo poc\u00edti odmenu.<\/p>\n<p>V rozvinut\u00fdch krajin\u00e1ch \u013eudia \u010dasto konzumuj\u00fa omnoho viac kal\u00f3ri\u00ed, ne\u017e potrebuj\u00fa pre zdrav\u00fd \u017eivot. Zn\u00ed\u017eenie pr\u00edjmu skonzumovan\u00fdch kal\u00f3ri\u00ed pri di\u00e9te poci\u0165ujeme \u0165a\u017ekosti, obzvl\u00e1\u0161\u0165 ke\u010f s\u00fa na\u0161e tel\u00e1 nastaven\u00e9 na na\u0161e n\u00e1rodn\u00e9 kalorick\u00e9 stravovanie. V\u0161etko \u010do je potrebn\u00e9 je\u00a0 jes\u0165 zdrav\u00e9 jedl\u00e1 v men\u0161\u00edch mno\u017estv\u00e1ch, pou\u017e\u00edva\u0165\u00a0 Slim &amp; Sassy \u00a0a pravidelne <a title=\"Pou\u017eit\u00ed esenci\u00e1ln\u00edch olej\u016f jako prevence zran\u011bn\u00ed zp\u016fsoben\u00fdmi cvi\u010den\u00edm\" href=\"http:\/\/www.esencialneoleje.sk\/pouziti-esencialnich-oleju-jako-prevence-zraneni-zpusobenymi-cvicenim\/\">cvi\u010di\u0165<\/a>, aby ste dosiahli svoju ide\u00e1lnu telesn\u00fa hmotnos\u0165.<\/p>\n<p><b>Prim\u00e1rne v\u00fdhody<\/b><\/p>\n<ul>\n<li>Slim &amp; Sassy redukuje prehnan\u00fa t\u00fa\u017ebu po jedle\u00a0a m\u00f4\u017ee v\u00e1m pom\u00f4c\u0165 zn\u00ed\u017ei\u0165 pr\u00edjem kal\u00f3ri\u00ed<\/li>\n<li>Pon\u00faka pomoc pri mana\u017eovan\u00e1 apet\u00edtu a hladu medzi\u00a0jedlami<\/li>\n<li>Pom\u00e1ha upokoji\u0165 \u017eal\u00fadok a\u00a0<a title=\"Digest Zen a tr\u00e1viace probl\u00e9my s\u00fa pre\u010d\" href=\"http:\/\/www.esencialneoleje.sk\/digest-zen-a-traviace-problemy-su-prec\/\">gastrointestin\u00e1lne nepohodli<\/a> niekedy sp\u00e1jan\u00e9 s di\u00e9tovan\u00edm*<\/li>\n<li>Pozdvihuje a\u00a0povzbudzuje dobr\u00fa n\u00e1ladu, ktor\u00e1 sa sp\u00e1ja s\u00a0\u00faspe\u0161n\u00fdm \u00fasil\u00edm o\u00a0stratu hmotnosti*<\/li>\n<li>Podporuje zdrav\u00fa <a title=\"Grapefruit: Ne jenom na sn\u00eddani\" href=\"http:\/\/www.esencialneoleje.sk\/grapefruit-ne-jenom-na-snidani\/\">hydrat\u00e1ciu<\/a> po\u010das di\u00e9tovania, cvi\u010denia a\u00a0po\u010das d\u0148a*<\/li>\n<\/ul>\n<p>Slim &amp; Sassy Metabolick\u00e1 zmes je vyroben\u00e1 pre t\u00fdch, ktor\u00ed\u00a0 pracuj\u00fa na zni\u017eovan\u00ed hmotnosti. Je \u00fa\u017easnou podporou pri\u00a0 pravidelnom cvi\u010den\u00ed a\u00a0 jeden\u00ed men\u0161ieho mno\u017estva jedla.<\/p>\n<p><em><strong>Program Slim &amp; Sassy je jednoduch\u00fd:<\/strong><\/em> pridajte <em>8 kvapiek do pol litra vody<\/em> a pite medzi zdrav\u00fdmi jedlami po\u010das d\u0148a<\/p>\n<p>&nbsp;<\/p>\n","protected":false},"excerpt":{"rendered":"<p>\u0160t\u00edhla a Fit so zmesou Slim &amp; Sassy\u00a0 Olej Slim &amp; Sassy &#8211; metabolick\u00e1 zmes je vytvoren\u00e1 tak aby podporila zdrav\u00e9 \u00fasilie o zn\u00ed\u017eenie hmotnostina t\u00fdm, \u017ee pom\u00e1ha kontrolova\u0165 apet\u00edt medzi jedlami. Upokojil \u017ead\u00fadok a pozdvihol n\u00e1ladu. Podporuje zdrav\u00fd metabolizmus<span class=\"ellipsis\">&hellip;<\/span><\/p>\n<div class=\"read-more\"><a href=\"https:\/\/cestaharmonie.sk\/?page_id=58\">Cel\u00fd \u010dl\u00e1nok &#8250;<\/a><\/div>\n<p><!-- end of .read-more --><\/p>\n","protected":false},"author":1,"featured_media":0,"parent":37,"menu_order":0,"comment_status":"open","ping_status":"closed","template":"content-sidebar-page.php","meta":[],"_links":{"self":[{"href":"https:\/\/cestaharmonie.sk\/index.php?rest_route=\/wp\/v2\/pages\/58"}],"collection":[{"href":"https:\/\/cestaharmonie.sk\/index.php?rest_route=\/wp\/v2\/pages"}],"about":[{"href":"https:\/\/cestaharmonie.sk\/index.php?rest_route=\/wp\/v2\/types\/page"}],"author":[{"embeddable":true,"href":"https:\/\/cestaharmonie.sk\/index.php?rest_route=\/wp\/v2\/users\/1"}],"replies":[{"embeddable":true,"href":"https:\/\/cestaharmonie.sk\/index.php?rest_route=%2Fwp%2Fv2%2Fcomments&post=58"}],"version-history":[{"count":3,"href":"https:\/\/cestaharmonie.sk\/index.php?rest_route=\/wp\/v2\/pages\/58\/revisions"}],"predecessor-version":[{"id":60,"href":"https:\/\/cestaharmonie.sk\/index.php?rest_route=\/wp\/v2\/pages\/58\/revisions\/60"}],"up":[{"embeddable":true,"href":"https:\/\/cestaharmonie.sk\/index.php?rest_route=\/wp\/v2\/pages\/37"}],"wp:attachment":[{"href":"https:\/\/cestaharmonie.sk\/index.php?rest_route=%2Fwp%2Fv2%2Fmedia&parent=58"}],"curies":[{"name":"wp","href":"https:\/\/api.w.org\/{rel}","templated":true}]}}