{"id":39,"date":"2013-11-11T09:43:51","date_gmt":"2013-11-11T09:43:51","guid":{"rendered":"http:\/\/cestaharmonie.sk\/?page_id=39"},"modified":"2015-05-12T07:28:19","modified_gmt":"2015-05-12T07:28:19","slug":"rozmarin-rosemary","status":"publish","type":"page","link":"https:\/\/cestaharmonie.sk\/?page_id=39","title":{"rendered":"Rozmar\u00edn (Rosemary)"},"content":{"rendered":"<p><img loading=\"lazy\" id=\"irc_mi\" alt=\"\" src=\"http:\/\/urobsisam.topky.sk\/buxus\/images\/fotogaleria\/fotogalerie\/zahrada_13\/8_najchutnejsich_byliniek_ktore_si_mozete_sami_vypestovat_fotoalbum\/06-thinkstock-big-image.jpg\" width=\"240\" height=\"198\" \/><\/p>\n<p><em><strong><strong>Olej vy\u0161\u0161ieho ch\u00e1pania a\u00a0posunu<\/strong><\/strong><\/em><\/p>\n<p>Starovek\u00fd Gr\u00e9ci, Rimania, Egyp\u0165ania a \u017didia pova\u017eovali Rozmar\u00edn za posv\u00e4tn\u00fd a ctili si ho kv\u00f4li \u0161irok\u00e9mu pou\u017eitiu.<\/p>\n<p>Be\u017ene sa pou\u017eiv\u00e1 k\u00a0vareniu, napom\u00e1ha pri \u00falave od stresu a od p\u0159\u00edle\u017eitostn\u00fdch bolest\u00ed svalov. Takisto pom\u00e1ha proti \u00fanave, migr\u00e9ne, posil\u0148uje pam\u00e4\u0165, koncentr\u00e1ciu, dod\u00e1va odvahu, sebad\u00f4veru, zvy\u0161uje krvn\u00fd tlak, tlm\u00ed bolesti svalov, proti reumatizmu, pri chladn\u00fdch ruk\u00e1ch a noh\u00e1ch. V\u00fdzkum Rozmar\u00fdnov\u00e9ho esenci\u00e1ln\u00edho oleja preuk\u00e1zal jeho \u00fa\u010dinky na \u00falavu od stresu, na pozdvihnutie n\u00e1lady, na tr\u00e9mu a uzkos\u0165.<\/p>\n<p><em><strong>Je vhodn\u00fd<\/strong><strong>:<\/strong><\/em><\/p>\n<ul>\n<li><em>na mastn\u00fa a starn\u00facu ple\u0165<\/em> &#8211; poko\u017eku prekrvuje a stimuluje.<\/li>\n<li><em>prid\u00e1va sa do vlasovej kozmetiky<\/em> \u2013 posil\u0148uje vlasy.<\/li>\n<li><em>na mas\u00e1\u017ee &#8211; <\/em>na uvo\u013enenie stuhnut\u00e9ho svalstva<\/li>\n<li><em>do pr\u00edpravkov proti celulit\u00edde<\/em><\/li>\n<li><em>pri bronchit\u00edde a nachladnut\u00ed<\/em> \u2013 masti alebo obklady na hrudn\u00edk.<\/li>\n<li>pou\u017eitie\u00a0 sa osved\u010duje\u00a0aj\u00a0<em>pred\u00a0dlhou\u00a0jazdou autom<\/em>\u00a0<em>alebo\u00a0pred d\u00f4le\u017eit\u00fdm jednan\u00edm<\/em><\/li>\n<\/ul>\n<p><em><strong>Nepou\u017e\u00edva\u0165<\/strong><\/em> v tehotenstve, v dobe kojenia, u det\u00ed, pri epilepsii a vysokom krvnom tlaku.<\/p>\n<p><b>Tipy od\u00a0 d\u014dTERRA:<\/b><\/p>\n<ul>\n<li>P\u0159idejte 15-20 kapek do fla\u0161e se \u0161amp\u00f3nem, abyste zlep\u0161ili zdrav\u00ed vlas\u016f.<\/li>\n<li>Nat\u0159ete na chodidla a nebo oblast \u017ealudky, abyste zlep\u0161ili tr\u00e1ven\u00ed.<\/li>\n<li>Rozptylujte v\u00a0difuz\u00e9ru, abyste zlep\u0161ili koncentraci.<\/li>\n<li>Poci\u0165ujete stress?\u00a0 Rozptylte Rozmar\u00fdn v\u00a0p\u0159\u00edstroji na Aromaterapii, nebo nat\u0159ete na chodidla p\u0159\u00edpadn\u011b z\u00e1tylek, abyste si sn\u00ed\u017eili stress.<\/li>\n<li>P\u0159idejte 1-2 kapky Rozmar\u00fdnov\u00e9ho esenci\u00e1ln\u00edho oleje do va\u0161eho obl\u00edben\u00e9ho ku\u0159ec\u00edho j\u00eddla.<\/li>\n<\/ul>\n<p><em><strong>V Emocion\u00e1lnej rovine <\/strong><\/em>Rozmar\u00edn pom\u00e1ha pri rozvoji skuto\u010dn\u00fdch vedomost\u00ed a\u00a0skuto\u010dn\u00e9ho intelektu. U\u010d\u00ed, \u017ee m\u00f4\u017eeme dost\u00e1va\u0165 pou\u010denie z\u00a0ove\u013ea v\u00e4\u010d\u0161ieho priestoru ch\u00e1pania, ne\u017e je \u013eudsk\u00e1 myse\u013e. Vyz\u00fdva \u010dloveka aby sa pozrel hlb\u0161ie, ne\u017e by to be\u017ene urobil a\u00a0d\u00e1val si ot\u00e1zky, ktor\u00e9 e\u0161te hlb\u0161ie na\u010drej\u00fa do jeho du\u0161e, aby mohol z\u00edska\u0165 in\u0161pirovanej\u0161ie odpovede.<\/p>\n<p>Rozmar\u00edn pom\u00e1ha \u013eudom, ktor\u00ed z\u00e1pasia\u00a0 s\u00a0poruchami u\u010denia. Prin\u00e1\u0161a otvorenie mysle t\u00fdm, \u017ee pom\u00e1ha \u010dloveku z\u00edskava\u0165 nov\u00e9 inform\u00e1cie a\u00a0nov\u00e9 sk\u00fasenosti.<\/p>\n<p>Rozmar\u00edn pom\u00e1ha v\u00a0\u010dasoch posunu a\u00a0zmeny. Ke\u010f m\u00e1 \u010dlovek probl\u00e9m zvykn\u00fa\u0165 si na nov\u00fd domov, \u0161kolu, alebo vz\u0165ah, Rozmar\u00edn, mu m\u00f4\u017ee pom\u00f4c\u0165. Rozmar\u00edn u\u010d\u00ed, \u017ee nerozumieme v\u0161etk\u00fdm veciam,<\/p>\n<p>preto\u017ee m\u00e1me iba pozemsk\u00fd rozh\u013ead. Poz\u00fdva \u013eud\u00ed, aby d\u00f4verovali vo vy\u0161\u0161iu, inteligentnej\u0161iu silu, ne\u017e s\u00fa oni sami. Podporuje ich v\u00a0pocite istoty a\u00a0bezpe\u010dia v\u00a0\u010dasoch ve\u013ekej zmeny v\u00a0ch\u00e1pan\u00ed, alebo perspekt\u00edve. Rozmar\u00edn ich ukotvuje v\u00a0skuto\u010dnej vedomosti, ktor\u00fd prevy\u0161uje v\u0161etko ch\u00e1panie.<\/p>\n<p><em><strong>Em\u00f3cie:<\/strong><\/em> zm\u00e4tenos\u0165, \u0165a\u017ekosti s\u00a0adapt\u00e1ciou, alebo posunom, ignorancia, probl\u00e9my s\u00a0u\u010den\u00edm<\/p>\n<p>&nbsp;<\/p>\n","protected":false},"excerpt":{"rendered":"<p>Olej vy\u0161\u0161ieho ch\u00e1pania a\u00a0posunu Starovek\u00fd Gr\u00e9ci, Rimania, Egyp\u0165ania a \u017didia pova\u017eovali Rozmar\u00edn za posv\u00e4tn\u00fd a ctili si ho kv\u00f4li \u0161irok\u00e9mu pou\u017eitiu. Be\u017ene sa pou\u017eiv\u00e1 k\u00a0vareniu, napom\u00e1ha pri \u00falave od stresu a od p\u0159\u00edle\u017eitostn\u00fdch bolest\u00ed svalov. Takisto pom\u00e1ha proti \u00fanave, migr\u00e9ne,<span class=\"ellipsis\">&hellip;<\/span><\/p>\n<div class=\"read-more\"><a href=\"https:\/\/cestaharmonie.sk\/?page_id=39\">Cel\u00fd \u010dl\u00e1nok &#8250;<\/a><\/div>\n<p><!-- end of .read-more --><\/p>\n","protected":false},"author":1,"featured_media":0,"parent":37,"menu_order":0,"comment_status":"open","ping_status":"closed","template":"content-sidebar-page.php","meta":[],"_links":{"self":[{"href":"https:\/\/cestaharmonie.sk\/index.php?rest_route=\/wp\/v2\/pages\/39"}],"collection":[{"href":"https:\/\/cestaharmonie.sk\/index.php?rest_route=\/wp\/v2\/pages"}],"about":[{"href":"https:\/\/cestaharmonie.sk\/index.php?rest_route=\/wp\/v2\/types\/page"}],"author":[{"embeddable":true,"href":"https:\/\/cestaharmonie.sk\/index.php?rest_route=\/wp\/v2\/users\/1"}],"replies":[{"embeddable":true,"href":"https:\/\/cestaharmonie.sk\/index.php?rest_route=%2Fwp%2Fv2%2Fcomments&post=39"}],"version-history":[{"count":10,"href":"https:\/\/cestaharmonie.sk\/index.php?rest_route=\/wp\/v2\/pages\/39\/revisions"}],"predecessor-version":[{"id":71,"href":"https:\/\/cestaharmonie.sk\/index.php?rest_route=\/wp\/v2\/pages\/39\/revisions\/71"}],"up":[{"embeddable":true,"href":"https:\/\/cestaharmonie.sk\/index.php?rest_route=\/wp\/v2\/pages\/37"}],"wp:attachment":[{"href":"https:\/\/cestaharmonie.sk\/index.php?rest_route=%2Fwp%2Fv2%2Fmedia&parent=39"}],"curies":[{"name":"wp","href":"https:\/\/api.w.org\/{rel}","templated":true}]}}