{"id":28,"date":"2013-11-10T21:26:30","date_gmt":"2013-11-10T21:26:30","guid":{"rendered":"http:\/\/cestaharmonie.sk\/?page_id=28"},"modified":"2015-05-12T07:27:54","modified_gmt":"2015-05-12T07:27:54","slug":"mata-pepermint","status":"publish","type":"page","link":"https:\/\/cestaharmonie.sk\/?page_id=28","title":{"rendered":"M\u00e4ta (Pepermint)"},"content":{"rendered":"<p><img loading=\"lazy\" id=\"irc_mi\" alt=\"\" src=\"http:\/\/www.webozdravi.cz\/data\/moduleClanek\/clanky\/clanek-616\/__main_normal.jpg\" width=\"437\" height=\"219\" \/><\/p>\n<p><i><strong>Olej osvie\u017eenia<\/strong> \u00a0\u00a0\u00a0\u00a0\u00a0\u00a0\u00a0\u00a0\u00a0\u00a0\u00a0 <\/i><\/p>\n<p><i>M\u00e4ta prin\u00e1\u0161a rados\u0165 a\u00a0\u013eahkos\u0165 srdcu a\u00a0du\u0161i. Osvie\u017euje telo, myse\u013e i\u00a0ducha a\u00a0pripom\u00edna \u013eu\u010fom, \u017ee \u017eivot m\u00f4\u017ee by\u0165 \u0161\u0165astn\u00fd, a\u00a0\u017ee sa netreba ni\u010doho b\u00e1\u0165. Pozdvihuje z\u00a0emocion\u00e1lnych sk\u00fa\u0161ok na kr\u00e1tku \u00fa\u013eavu. Ke\u010f \u010dlovek pou\u017e\u00edva m\u00e4tu, c\u00edti sa, ako keby sa k\u013azal \u017eivotom. Pom\u00e1ha udr\u017ea\u0165 sa na hladine emocion\u00e1lnych \u0165a\u017ekost\u00ed tak, ako sa vodn\u00fd ly\u017eiar udr\u017eiava na jazere.<\/i><\/p>\n<p><i>Silu m\u00e4ty\u00a0 m\u00f4\u017eeme najviac c\u00edti\u0165 v\u00a0\u010dasoch ke\u010f sa vzd\u00e1vame, alebo sme v\u00a0depresii. Ke\u010f str\u00e1came n\u00e1dej, m\u00e4ta n\u00e1m pom\u00f4\u017ee znovu objavi\u0165 rados\u0165 z\u00a0toho, \u017ee sme na\u017eive.<\/i><\/p>\n<p><i>\u00a0<\/i><i>Av\u0161ak \u010dlovek m\u00f4\u017ee vlastnosti m\u00e4tov\u00e9ho oleja \u013eahko zneu\u017ei\u0165. Ke\u010f sa pou\u017e\u00edva ako neust\u00e1ly \u00fanik aby sme sa vyhli rie\u0161eniu emocion\u00e1lnej bolesti, m\u00f4\u017ee zabrzdi\u0165 rast a\u00a0progres. M\u00e4ta by sa tak\u00fdmto sp\u00f4sobom nemala pou\u017e\u00edva\u0165. Pom\u00e1ha \u013eu\u010fom, ktor\u00ed sa potrebuj\u00fa trochu \u201enad\u00fdchnu\u0165.\u201c Z\u00a0\u010dasu na \u010das potrebujeme pauzu predt\u00fdm, ne\u017e sa znovu ponor\u00edme do emocion\u00e1lnych v\u00f4d, ale nie sme tu na to, aby sme sa nav\u017edy brodili v\u00a0plytk\u00fdch vod\u00e1ch. Ke\u010f emocion\u00e1lnu boles\u0165 prijmeme, m\u00f4\u017ee n\u00e1m sl\u00fa\u017ei\u0165 ako u\u010dite\u013e. M\u00e1ta m\u00f4\u017ee \u010dloveku pom\u00f4c\u0165 znovu z\u00edska\u0165 silu potrebn\u00fa na to aby \u010delil svojej emocion\u00e1lnej realite. <\/i><\/p>\n","protected":false},"excerpt":{"rendered":"<p>Olej osvie\u017eenia \u00a0\u00a0\u00a0\u00a0\u00a0\u00a0\u00a0\u00a0\u00a0\u00a0\u00a0 M\u00e4ta prin\u00e1\u0161a rados\u0165 a\u00a0\u013eahkos\u0165 srdcu a\u00a0du\u0161i. Osvie\u017euje telo, myse\u013e i\u00a0ducha a\u00a0pripom\u00edna \u013eu\u010fom, \u017ee \u017eivot m\u00f4\u017ee by\u0165 \u0161\u0165astn\u00fd, a\u00a0\u017ee sa netreba ni\u010doho b\u00e1\u0165. Pozdvihuje z\u00a0emocion\u00e1lnych sk\u00fa\u0161ok na kr\u00e1tku \u00fa\u013eavu. Ke\u010f \u010dlovek pou\u017e\u00edva m\u00e4tu, c\u00edti sa, ako keby sa<span class=\"ellipsis\">&hellip;<\/span><\/p>\n<div class=\"read-more\"><a href=\"https:\/\/cestaharmonie.sk\/?page_id=28\">Cel\u00fd \u010dl\u00e1nok &#8250;<\/a><\/div>\n<p><!-- end of .read-more --><\/p>\n","protected":false},"author":1,"featured_media":0,"parent":37,"menu_order":0,"comment_status":"open","ping_status":"closed","template":"content-sidebar-page.php","meta":[],"_links":{"self":[{"href":"https:\/\/cestaharmonie.sk\/index.php?rest_route=\/wp\/v2\/pages\/28"}],"collection":[{"href":"https:\/\/cestaharmonie.sk\/index.php?rest_route=\/wp\/v2\/pages"}],"about":[{"href":"https:\/\/cestaharmonie.sk\/index.php?rest_route=\/wp\/v2\/types\/page"}],"author":[{"embeddable":true,"href":"https:\/\/cestaharmonie.sk\/index.php?rest_route=\/wp\/v2\/users\/1"}],"replies":[{"embeddable":true,"href":"https:\/\/cestaharmonie.sk\/index.php?rest_route=%2Fwp%2Fv2%2Fcomments&post=28"}],"version-history":[{"count":2,"href":"https:\/\/cestaharmonie.sk\/index.php?rest_route=\/wp\/v2\/pages\/28\/revisions"}],"predecessor-version":[{"id":54,"href":"https:\/\/cestaharmonie.sk\/index.php?rest_route=\/wp\/v2\/pages\/28\/revisions\/54"}],"up":[{"embeddable":true,"href":"https:\/\/cestaharmonie.sk\/index.php?rest_route=\/wp\/v2\/pages\/37"}],"wp:attachment":[{"href":"https:\/\/cestaharmonie.sk\/index.php?rest_route=%2Fwp%2Fv2%2Fmedia&parent=28"}],"curies":[{"name":"wp","href":"https:\/\/api.w.org\/{rel}","templated":true}]}}