{"id":252,"date":"2018-05-25T07:44:13","date_gmt":"2018-05-25T07:44:13","guid":{"rendered":"http:\/\/cestaharmonie.sk\/?page_id=252"},"modified":"2018-05-25T07:53:27","modified_gmt":"2018-05-25T07:53:27","slug":"cookie-policy","status":"publish","type":"page","link":"https:\/\/cestaharmonie.sk\/?page_id=252","title":{"rendered":"Cookie Policy"},"content":{"rendered":"<p>T\u00e1to str\u00e1nka pou\u017e\u00edva cookies &#8211; mal\u00e9 textov\u00e9 s\u00fabory, ulo\u017een\u00e9 na va\u0161om zariaden\u00ed. Tieto s\u00fabory zabezpe\u010duj\u00fa lep\u0161ie prehliadanie tohto webu. M\u00f4\u017eete v\u0161ak zak\u00e1za\u0165 ukladanie cookies pre t\u00fato str\u00e1nku. Najefekt\u00edvnej\u0161ie rie\u0161enie, je zak\u00e1za\u0165 cookies vo va\u0161om prehliada\u010di. Odpor\u00fa\u010dame nav\u0161t\u00edvi\u0165 &#8222;Pomoc&#8220; vo va\u0161om prehliada\u010di, alebo pozrie\u0165 na str\u00e1nku <a href=\"http:\/\/www.aboutcookies.org\">the About Cookies website<\/a>, ktor\u00e1 pon\u00faka n\u00e1vody pre v\u0161etky modern\u00e9 prehliada\u010de.<\/p>\n","protected":false},"excerpt":{"rendered":"<p>T\u00e1to str\u00e1nka pou\u017e\u00edva cookies &#8211; mal\u00e9 textov\u00e9 s\u00fabory, ulo\u017een\u00e9 na va\u0161om zariaden\u00ed. Tieto s\u00fabory zabezpe\u010duj\u00fa lep\u0161ie prehliadanie tohto webu. M\u00f4\u017eete v\u0161ak zak\u00e1za\u0165 ukladanie cookies pre t\u00fato str\u00e1nku. Najefekt\u00edvnej\u0161ie rie\u0161enie, je zak\u00e1za\u0165 cookies vo va\u0161om prehliada\u010di. Odpor\u00fa\u010dame nav\u0161t\u00edvi\u0165 &#8222;Pomoc&#8220; vo va\u0161om<span class=\"ellipsis\">&hellip;<\/span><\/p>\n<div class=\"read-more\"><a href=\"https:\/\/cestaharmonie.sk\/?page_id=252\">Cel\u00fd \u010dl\u00e1nok &#8250;<\/a><\/div>\n<p><!-- end of .read-more --><\/p>\n","protected":false},"author":1,"featured_media":0,"parent":0,"menu_order":0,"comment_status":"closed","ping_status":"closed","template":"","meta":[],"_links":{"self":[{"href":"https:\/\/cestaharmonie.sk\/index.php?rest_route=\/wp\/v2\/pages\/252"}],"collection":[{"href":"https:\/\/cestaharmonie.sk\/index.php?rest_route=\/wp\/v2\/pages"}],"about":[{"href":"https:\/\/cestaharmonie.sk\/index.php?rest_route=\/wp\/v2\/types\/page"}],"author":[{"embeddable":true,"href":"https:\/\/cestaharmonie.sk\/index.php?rest_route=\/wp\/v2\/users\/1"}],"replies":[{"embeddable":true,"href":"https:\/\/cestaharmonie.sk\/index.php?rest_route=%2Fwp%2Fv2%2Fcomments&post=252"}],"version-history":[{"count":2,"href":"https:\/\/cestaharmonie.sk\/index.php?rest_route=\/wp\/v2\/pages\/252\/revisions"}],"predecessor-version":[{"id":255,"href":"https:\/\/cestaharmonie.sk\/index.php?rest_route=\/wp\/v2\/pages\/252\/revisions\/255"}],"wp:attachment":[{"href":"https:\/\/cestaharmonie.sk\/index.php?rest_route=%2Fwp%2Fv2%2Fmedia&parent=252"}],"curies":[{"name":"wp","href":"https:\/\/api.w.org\/{rel}","templated":true}]}}