{"id":20,"date":"2013-11-10T21:14:00","date_gmt":"2013-11-10T21:14:00","guid":{"rendered":"http:\/\/cestaharmonie.sk\/?page_id=20"},"modified":"2015-05-12T07:28:07","modified_gmt":"2015-05-12T07:28:07","slug":"muskat-geranium","status":"publish","type":"page","link":"https:\/\/cestaharmonie.sk\/?page_id=20","title":{"rendered":"Mu\u0161k\u00e1t (Geranium)"},"content":{"rendered":"<div id=\"document_panel\">\n<div>\n<h1 style=\"text-align: left;\"><i><\/i><img loading=\"lazy\" id=\"irc_mi\" alt=\"\" src=\"http:\/\/www.kvetinynadobirku.cz\/images\/produkty\/original\/6.jpg\" width=\"385\" height=\"257\" \/><\/h1>\n<\/div>\n<p><em><strong>Olej otvorenia sa L\u00e1ske a D\u00f4vere<br \/>\n<\/strong><\/em><\/p>\n<p>Mu\u0161k\u00e1t je\u00a0 be\u017enou pr\u00edsadou v mnoh\u00fdch produktoch starostlivosti o poko\u017eku a poskytuje v\u00fdnimo\u010dn\u00e9 \u00fa\u010dinky na upokojovanie poko\u017eky. Je tie\u017e u\u017eito\u010dn\u00fd na podporu k\u013abov a na zmier\u0148ovanie men\u0161\u00edch bolest\u00ed. Kv\u00f4li svojim upokojuj\u00facim vlastnostiam sa mu\u0161k\u00e1t stal ob\u013e\u00fabenou vo\u013ebou pre mnoh\u00fdch pou\u017e\u00edvate\u013eov esenci\u00e1lnych olejov.<\/p>\n<p><b>Tipy od d\u014dTERRA:<\/b><\/p>\n<ul>\n<li>pou\u017eite Aromaterapeuticky &#8211;\u00a0 naparovanie tv\u00e1re pre pomoc svojej poko\u017eke.<\/li>\n<li>pridajte kvapku do svojho hydrata\u010dn\u00e9ho kr\u00e9mu, pre podporu rovnov\u00e1hy produkcie mazu na va\u0161ej poko\u017eke.<\/li>\n<li>mu\u0161k\u00e1t je skvel\u00fd na such\u00fa aj mastn\u00fa poko\u017eku. Kvapnite nieko\u013eko kvapiek do f\u013ea\u0161e so svoj\u00edm \u00a0\u0161amp\u00f3nom alebo kondicion\u00e9rom, alebo si vyrobte svoj vlastn\u00fd H\u013abkov\u00fd kondicion\u00e9r<\/li>\n<li>rozpt\u00fd\u013ete\/<a title=\"N\u00e1vod ako dif\u00fazova\u0165 (rozpty\u013eova\u0165) esenci\u00e1lne oleje\" href=\"http:\/\/www.esencialneoleje.sk\/navod-ako-difuzovat-rozptylovat-esencialne-oleje\/\">dif\u00fazujte<\/a> aromaticky na upokojenie pr\u00edle\u017eitostn\u00e9ho stresu, \u00fazkosti alebo nap\u00e4tia.<\/li>\n<\/ul>\n<p><em><strong>Dobre sa zmie\u0161ava<\/strong><\/em> s Bergamotom, \u0160alviou (Clary Sage), Grapefruitom, Levandulou, Limetkou, Rozmar\u00ednom, a Divok\u00fdm pomaran\u010dom.<\/p>\n<p><i><strong>V emocion\u00e1lnej rovine <\/strong>mu\u0161k\u00e1t obnovuje d\u00f4veru vo vn\u00fatorn\u00e9 dobro \u013eud\u00ed okolo n\u00e1s a\u00a0v\u00a0svet. Napom\u00e1ha d\u00f4vere, obzvl\u00e1\u0161\u0165, ke\u010f \u010dlovek vzh\u013eadom na zlo\u017eit\u00e9 \u017eivotn\u00e9 situ\u00e1cie stratil d\u00f4veru v\u00a0druh\u00fdch. Pom\u00e1ha tie\u017e obnovova\u0165 siln\u00e9 puto k\u00a0rodi\u010dom. Tam, kde do\u0161lo k\u00a0strate d\u00f4very vo vz\u0165ahoch, mu\u0161k\u00e1t povzbudzuje emocion\u00e1lnu \u010destnos\u0165, l\u00e1sku a\u00a0odpustenie. Podporuje schopnos\u0165 prij\u00edma\u0165 \u013eudsk\u00fa l\u00e1sku a\u00a0napojenie.<\/i><\/p>\n<p><i>Mu\u0161k\u00e1t lie\u010di zlomen\u00e9 srdce. Povzbudzuje emocion\u00e1lnu \u010destnos\u0165 t\u00fdm, \u017ee podporuje vyplavovanie potl\u00e1\u010dan\u00e9ho sm\u00fatku, alebo bolesti. Mu\u0161k\u00e1t mierni hnev a\u00a0pom\u00e1ha lie\u010di\u0165 citov\u00e9 zranenia. Pom\u00e1ha srdcu, aby sa znovu otvorilo, aby l\u00e1ska mohla vo\u013ene pr\u00fadi\u0165. Mu\u0161k\u00e1t m\u00f4\u017eeme pr\u00e1vom naz\u00fdva\u0165 \u201elie\u010dite\u013e \u00a0em\u00f3ci\u00ed.<\/i><\/p>\n<p><i>Mu\u0161k\u00e1t je jemn\u00fd olej, dokonal\u00fd pre b\u00e1b\u00e4tk\u00e1 a\u00a0deti. Vy\u017eivuje vn\u00fatorn\u00e9 die\u0165a a\u00a0podporuje v\u00a0prevzat\u00ed rodi\u010dovskej zodpovednosti za tento aspekt svojho ja. Mu\u0161k\u00e1t m\u00f4\u017ee podpori\u0165 \u010dloveka, ktor\u00fd m\u00e1 \u0165a\u017ekosti dosta\u0165 sa k\u00a0svojim em\u00f3ci\u00e1m, ke\u010f\u017ee ho odv\u00e1dza od logick\u00e9ho myslenia do tepla a\u00a0opatery srdca.\u00a0 Vo svojom z\u00e1klade mu\u0161k\u00e1t lie\u010di srdce, vn\u00e1\u0161a bezpodmiene\u010dn\u00fa l\u00e1sku a\u00a0navodzuje d\u00f4veru.<\/i><\/p>\n<\/div>\n","protected":false},"excerpt":{"rendered":"<p>Olej otvorenia sa L\u00e1ske a D\u00f4vere Mu\u0161k\u00e1t je\u00a0 be\u017enou pr\u00edsadou v mnoh\u00fdch produktoch starostlivosti o poko\u017eku a poskytuje v\u00fdnimo\u010dn\u00e9 \u00fa\u010dinky na upokojovanie poko\u017eky. Je tie\u017e u\u017eito\u010dn\u00fd na podporu k\u013abov a na zmier\u0148ovanie men\u0161\u00edch bolest\u00ed. Kv\u00f4li svojim upokojuj\u00facim vlastnostiam sa mu\u0161k\u00e1t<span class=\"ellipsis\">&hellip;<\/span><\/p>\n<div class=\"read-more\"><a href=\"https:\/\/cestaharmonie.sk\/?page_id=20\">Cel\u00fd \u010dl\u00e1nok &#8250;<\/a><\/div>\n<p><!-- end of .read-more --><\/p>\n","protected":false},"author":1,"featured_media":0,"parent":37,"menu_order":0,"comment_status":"open","ping_status":"closed","template":"content-sidebar-page.php","meta":[],"_links":{"self":[{"href":"https:\/\/cestaharmonie.sk\/index.php?rest_route=\/wp\/v2\/pages\/20"}],"collection":[{"href":"https:\/\/cestaharmonie.sk\/index.php?rest_route=\/wp\/v2\/pages"}],"about":[{"href":"https:\/\/cestaharmonie.sk\/index.php?rest_route=\/wp\/v2\/types\/page"}],"author":[{"embeddable":true,"href":"https:\/\/cestaharmonie.sk\/index.php?rest_route=\/wp\/v2\/users\/1"}],"replies":[{"embeddable":true,"href":"https:\/\/cestaharmonie.sk\/index.php?rest_route=%2Fwp%2Fv2%2Fcomments&post=20"}],"version-history":[{"count":10,"href":"https:\/\/cestaharmonie.sk\/index.php?rest_route=\/wp\/v2\/pages\/20\/revisions"}],"predecessor-version":[{"id":57,"href":"https:\/\/cestaharmonie.sk\/index.php?rest_route=\/wp\/v2\/pages\/20\/revisions\/57"}],"up":[{"embeddable":true,"href":"https:\/\/cestaharmonie.sk\/index.php?rest_route=\/wp\/v2\/pages\/37"}],"wp:attachment":[{"href":"https:\/\/cestaharmonie.sk\/index.php?rest_route=%2Fwp%2Fv2%2Fmedia&parent=20"}],"curies":[{"name":"wp","href":"https:\/\/api.w.org\/{rel}","templated":true}]}}