{"id":124,"date":"2015-05-07T19:03:43","date_gmt":"2015-05-07T19:03:43","guid":{"rendered":"http:\/\/cestaharmonie.sk\/?page_id=124"},"modified":"2015-05-11T12:22:10","modified_gmt":"2015-05-11T12:22:10","slug":"aroma-touch","status":"publish","type":"page","link":"https:\/\/cestaharmonie.sk\/?page_id=124","title":{"rendered":"Aroma Touch"},"content":{"rendered":"<style type=\"text\/css\"><!--\nP { margin-bottom: 0.21cm; }P.western {  }\n--><\/style>\n<h2><a href=\"http:\/\/cestaharmonie.sk\/wp-content\/uploads\/2015\/05\/Aromamasage.jpg\"><img loading=\"lazy\" class=\"wp-image-125 alignright\" alt=\"Aromamasage\" src=\"http:\/\/cestaharmonie.sk\/wp-content\/uploads\/2015\/05\/Aromamasage.jpg\" width=\"271\" height=\"150\" \/><\/a><\/h2>\n<style type=\"text\/css\"><!--\nP { margin-bottom: 0.21cm; }P.western {  }\n--><\/style>\n<style type=\"text\/css\"><!--\nP { margin-bottom: 0.21cm; }P.western {  }\n--><\/style>\n<p><span style=\"color: #333333;\">je to relaxa\u010dn\u00e1 mas\u00e1\u017e s jemn\u00fdm nan\u00e1\u0161an\u00edm \u00f4smich druhov 100% -n\u00fdch esenci\u00e1lnych olejov terapeutickej triedy CPTG. Pomocou tejto mas\u00e1\u017ee sa obnovuje rovnov\u00e1\u017eny stav tela. T\u00e1to technika je vhodn\u00e1 ak:<\/span><\/p>\n<ul>\n<li><span style=\"color: #333333;\">sme vystaven\u00ed dlhodob\u00e9mu stresu<\/span><\/li>\n<li><span style=\"color: #333333;\">ke\u010f m\u00e1me oslaben\u00fd imunitn\u00fd syst\u00e9m<\/span><\/li>\n<li><span style=\"color: #333333;\">pri z\u00e1paloch<\/span><\/li>\n<li><span style=\"color: #333333;\">pri nerovnov\u00e1he auton\u00f3mneho nervov\u00e9ho syst\u00e9mu.<\/span><\/li>\n<\/ul>\n<p><span style=\"color: #333333;\">Aroma Touch : 30min. \/ 25,-eur<\/span><\/p>\n<p>&nbsp;<\/p>\n","protected":false},"excerpt":{"rendered":"<p>je to relaxa\u010dn\u00e1 mas\u00e1\u017e s jemn\u00fdm nan\u00e1\u0161an\u00edm \u00f4smich druhov 100% -n\u00fdch esenci\u00e1lnych olejov terapeutickej triedy CPTG. Pomocou tejto mas\u00e1\u017ee sa obnovuje rovnov\u00e1\u017eny stav tela. T\u00e1to technika je vhodn\u00e1 ak: sme vystaven\u00ed dlhodob\u00e9mu stresu ke\u010f m\u00e1me oslaben\u00fd imunitn\u00fd syst\u00e9m pri z\u00e1paloch<span class=\"ellipsis\">&hellip;<\/span><\/p>\n<div class=\"read-more\"><a href=\"https:\/\/cestaharmonie.sk\/?page_id=124\">Cel\u00fd \u010dl\u00e1nok &#8250;<\/a><\/div>\n<p><!-- end of .read-more --><\/p>\n","protected":false},"author":1,"featured_media":0,"parent":102,"menu_order":0,"comment_status":"open","ping_status":"closed","template":"content-sidebar-page.php","meta":[],"_links":{"self":[{"href":"https:\/\/cestaharmonie.sk\/index.php?rest_route=\/wp\/v2\/pages\/124"}],"collection":[{"href":"https:\/\/cestaharmonie.sk\/index.php?rest_route=\/wp\/v2\/pages"}],"about":[{"href":"https:\/\/cestaharmonie.sk\/index.php?rest_route=\/wp\/v2\/types\/page"}],"author":[{"embeddable":true,"href":"https:\/\/cestaharmonie.sk\/index.php?rest_route=\/wp\/v2\/users\/1"}],"replies":[{"embeddable":true,"href":"https:\/\/cestaharmonie.sk\/index.php?rest_route=%2Fwp%2Fv2%2Fcomments&post=124"}],"version-history":[{"count":8,"href":"https:\/\/cestaharmonie.sk\/index.php?rest_route=\/wp\/v2\/pages\/124\/revisions"}],"predecessor-version":[{"id":179,"href":"https:\/\/cestaharmonie.sk\/index.php?rest_route=\/wp\/v2\/pages\/124\/revisions\/179"}],"up":[{"embeddable":true,"href":"https:\/\/cestaharmonie.sk\/index.php?rest_route=\/wp\/v2\/pages\/102"}],"wp:attachment":[{"href":"https:\/\/cestaharmonie.sk\/index.php?rest_route=%2Fwp%2Fv2%2Fmedia&parent=124"}],"curies":[{"name":"wp","href":"https:\/\/api.w.org\/{rel}","templated":true}]}}